{"id":203,"date":"2021-02-03T18:00:37","date_gmt":"2021-02-03T17:00:37","guid":{"rendered":"http:\/\/chemindeferdebonrepos.com\/?page_id=203"},"modified":"2026-03-23T16:01:48","modified_gmt":"2026-03-23T15:01:48","slug":"comment-nous-trouver","status":"publish","type":"page","link":"https:\/\/chemindeferdebonrepos.com\/index.php\/comment-nous-trouver\/","title":{"rendered":"INFORMATIONS PRATIQUES"},"content":{"rendered":"\n<p><strong><span class=\"has-inline-color has-vivid-red-color\"><em>RESERVATION OBLIGATOIRE<\/em><\/span><\/strong><\/p>\n\n\n\n<p>en ligne: suivre l&rsquo;onglet \u00ab\u00a0R\u00e9server maintenant\u00a0\u00bb<\/p>\n\n\n\n<div class=\"wp-block-buttons\">\n<div class=\"wp-block-button\"><a class=\"wp-block-button__link\" href=\"https:\/\/reservation.elloha.com?IdPublication=da11d53c-7a2c-4491-921c-25ad2a6721f8&amp;culture=fr-FR&amp;idoi=04e71bf8-d4f8-4374-918a-0dd346649158&amp;idPrestation=b983c64b-db6f-4121-a10c-10125f942b10&amp;searchFirstAvailableDates=1\">R\u00e9server maintenant<\/a><\/div>\n<\/div>\n\n\n\n<div class=\"wp-block-image\"><figure class=\"aligncenter size-large is-resized\"><img loading=\"lazy\" src=\"https:\/\/chemindeferdebonrepos.com\/wp-content\/uploads\/2023\/01\/en-ligne-1024x808.jpg\" alt=\"\" class=\"wp-image-462\" width=\"546\" height=\"430\" srcset=\"https:\/\/chemindeferdebonrepos.com\/wp-content\/uploads\/2023\/01\/en-ligne-1024x808.jpg 1024w, https:\/\/chemindeferdebonrepos.com\/wp-content\/uploads\/2023\/01\/en-ligne-300x237.jpg 300w, https:\/\/chemindeferdebonrepos.com\/wp-content\/uploads\/2023\/01\/en-ligne-768x606.jpg 768w, https:\/\/chemindeferdebonrepos.com\/wp-content\/uploads\/2023\/01\/en-ligne-1536x1212.jpg 1536w, https:\/\/chemindeferdebonrepos.com\/wp-content\/uploads\/2023\/01\/en-ligne-2048x1616.jpg 2048w\" sizes=\"(max-width: 546px) 100vw, 546px\" \/><\/figure><\/div>\n\n\n\n<p><strong><em><span class=\"has-inline-color has-vivid-red-color\"> TARIFS<\/span><\/em><span class=\"has-inline-color has-vivid-red-color\"> ALLER-RETOUR<\/span><\/strong><\/p>\n\n\n\n<ul id=\"block-b88a1aff-9487-4638-9d1e-0a06650e2745\"><li>TARIF PLEIN     <strong>  9\u20ac<\/strong><\/li><li>TARIF REDUIT  <strong> 7\u20ac<\/strong> (enfant de 4 \u00e0 12 ans, demandeurs d&#8217;emploi)<\/li><li>TARIF FAMILLE (2 adultes + 2 enfants et plus de 4 \u00e0 12 ans)   <strong>25 \u20ac<\/strong><\/li><li>GRATUIT (jusqu&rsquo;\u00e0 4 ans)<\/li><li>TRAINS THEMATIQUES: tarif selon l&rsquo;\u00e9v\u00e9nement (de 10 \u00e0 12\u20ac)<\/li><\/ul>\n\n\n\n<p><span class=\"has-inline-color has-vivid-red-color\"><em><strong>DEPART DU TRAIN TOURISTIQUE UNIQUEMENT de LA GARE  DE GOUAREC<\/strong><\/em><\/span><\/p>\n\n\n\n<p>Coordonn\u00e9es <\/p>\n\n\n\n<p><strong>Gare de Gouarec<\/strong> GPS: 48.22656,-3.17601<\/p>\n\n\n\n<div class=\"wp-block-image\"><figure class=\"aligncenter size-large is-resized\"><img loading=\"lazy\" src=\"https:\/\/chemindeferdebonrepos.com\/wp-content\/uploads\/2023\/01\/image.png\" alt=\"\" class=\"wp-image-490\" width=\"559\" height=\"367\" srcset=\"https:\/\/chemindeferdebonrepos.com\/wp-content\/uploads\/2023\/01\/image.png 800w, https:\/\/chemindeferdebonrepos.com\/wp-content\/uploads\/2023\/01\/image-300x198.png 300w, https:\/\/chemindeferdebonrepos.com\/wp-content\/uploads\/2023\/01\/image-768x506.png 768w\" sizes=\"(max-width: 559px) 100vw, 559px\" \/><\/figure><\/div>\n\n\n\n<p><\/p>\n\n\n\n<p>ancienne gare  22570 Bon Repos sur Blavet (attention, la gare est bien situ\u00e9e dans le bourg de Gouarec)<\/p>\n\n\n\n<p>La V\u00e9lodyss\u00e9e (v\u00e9loroute n\u00b06) passe devant la gare.<\/p>\n\n\n\n<div class=\"wp-block-image\"><figure class=\"aligncenter size-large is-resized\"><img loading=\"lazy\" src=\"https:\/\/chemindeferdebonrepos.com\/wp-content\/uploads\/2023\/01\/V6-et-gare-1024x768.jpg\" alt=\"\" class=\"wp-image-446\" width=\"577\" height=\"432\" srcset=\"https:\/\/chemindeferdebonrepos.com\/wp-content\/uploads\/2023\/01\/V6-et-gare-1024x768.jpg 1024w, https:\/\/chemindeferdebonrepos.com\/wp-content\/uploads\/2023\/01\/V6-et-gare-300x225.jpg 300w, https:\/\/chemindeferdebonrepos.com\/wp-content\/uploads\/2023\/01\/V6-et-gare-768x576.jpg 768w, https:\/\/chemindeferdebonrepos.com\/wp-content\/uploads\/2023\/01\/V6-et-gare-1536x1152.jpg 1536w, https:\/\/chemindeferdebonrepos.com\/wp-content\/uploads\/2023\/01\/V6-et-gare-2048x1536.jpg 2048w\" sizes=\"(max-width: 577px) 100vw, 577px\" \/><\/figure><\/div>\n\n\n\n<p>La gare de Gouarec est situ\u00e9e \u00e0 quelques centaines de m\u00e8tres de la v\u00e9loroute n\u00b01\/ (suivre le fl\u00e9chage VELORAIL\/TRAIN TOURISTIQUE).<\/p>\n\n\n\n<p><\/p>\n\n\n\n<p><strong><em><span class=\"has-inline-color has-vivid-red-color\">CONTACT<\/span><\/em><\/strong><\/p>\n\n\n\n<p>Renseignements au <strong>07 89 40 72 61<\/strong> ou <strong>contact@garedegouarec.bzh<\/strong><\/p>\n\n\n\n<p><\/p>\n\n\n\n<p><\/p>\n\n\n\n<p><strong><em><span class=\"has-inline-color has-vivid-red-color\">ACCUEIL VELO<\/span><\/em><\/strong><\/p>\n\n\n\n<div class=\"wp-block-image\"><figure class=\"aligncenter size-large is-resized\"><img loading=\"lazy\" src=\"https:\/\/chemindeferdebonrepos.com\/wp-content\/uploads\/2023\/01\/velos-gares--768x1024.jpg\" alt=\"\" class=\"wp-image-448\" width=\"510\" height=\"679\" srcset=\"https:\/\/chemindeferdebonrepos.com\/wp-content\/uploads\/2023\/01\/velos-gares--768x1024.jpg 768w, https:\/\/chemindeferdebonrepos.com\/wp-content\/uploads\/2023\/01\/velos-gares--225x300.jpg 225w, https:\/\/chemindeferdebonrepos.com\/wp-content\/uploads\/2023\/01\/velos-gares--1152x1536.jpg 1152w, https:\/\/chemindeferdebonrepos.com\/wp-content\/uploads\/2023\/01\/velos-gares--1536x2048.jpg 1536w, https:\/\/chemindeferdebonrepos.com\/wp-content\/uploads\/2023\/01\/velos-gares-.jpg 1773w\" sizes=\"(max-width: 510px) 100vw, 510px\" \/><\/figure><\/div>\n\n\n\n<p>La gare de Gouarec&nbsp;est am\u00e9nag\u00e9s pour accueillir au mieux les cyclotouristes qui souhaitent d\u00e9couvrir le Centre-Bretagne. Le Chemin de fer de Bon Repos  est l&rsquo;un des premiers trains touristiques labellis\u00e9 <strong>Accueil V\u00e9lo<\/strong>&nbsp;!<\/p>\n\n\n\n<p><\/p>\n\n\n\n<div class=\"wp-block-image\"><figure class=\"aligncenter size-large\"><img loading=\"lazy\" width=\"123\" height=\"164\" src=\"https:\/\/chemindeferdebonrepos.com\/wp-content\/uploads\/2021\/02\/ACCUEILVELO-CMJN_red-1-1.jpg\" alt=\"\" class=\"wp-image-264\"\/><\/figure><\/div>\n\n\n\n<p><\/p>\n","protected":false},"excerpt":{"rendered":"<p>RESERVATION OBLIGATOIRE en ligne: suivre l&rsquo;onglet \u00ab\u00a0R\u00e9server maintenant\u00a0\u00bb TARIFS ALLER-RETOUR TARIF PLEIN 9\u20ac TARIF REDUIT 7\u20ac (enfant de 4 \u00e0 12 ans, demandeurs d&#8217;emploi) TARIF FAMILLE (2 adultes + 2 enfants et plus de 4 \u00e0 12 ans) 25 \u20ac GRATUIT (jusqu&rsquo;\u00e0 4 ans) TRAINS THEMATIQUES: tarif selon l&rsquo;\u00e9v\u00e9nement (de 10 \u00e0 12\u20ac) DEPART DU &hellip; <\/p>\n<p class=\"link-more\"><a href=\"https:\/\/chemindeferdebonrepos.com\/index.php\/comment-nous-trouver\/\" class=\"more-link\">Continuer la lecture<span class=\"screen-reader-text\"> de &laquo;&nbsp;INFORMATIONS PRATIQUES&nbsp;&raquo;<\/span><\/a><\/p>\n","protected":false},"author":3,"featured_media":0,"parent":0,"menu_order":0,"comment_status":"closed","ping_status":"closed","template":"","meta":[],"_links":{"self":[{"href":"https:\/\/chemindeferdebonrepos.com\/index.php\/wp-json\/wp\/v2\/pages\/203"}],"collection":[{"href":"https:\/\/chemindeferdebonrepos.com\/index.php\/wp-json\/wp\/v2\/pages"}],"about":[{"href":"https:\/\/chemindeferdebonrepos.com\/index.php\/wp-json\/wp\/v2\/types\/page"}],"author":[{"embeddable":true,"href":"https:\/\/chemindeferdebonrepos.com\/index.php\/wp-json\/wp\/v2\/users\/3"}],"replies":[{"embeddable":true,"href":"https:\/\/chemindeferdebonrepos.com\/index.php\/wp-json\/wp\/v2\/comments?post=203"}],"version-history":[{"count":28,"href":"https:\/\/chemindeferdebonrepos.com\/index.php\/wp-json\/wp\/v2\/pages\/203\/revisions"}],"predecessor-version":[{"id":685,"href":"https:\/\/chemindeferdebonrepos.com\/index.php\/wp-json\/wp\/v2\/pages\/203\/revisions\/685"}],"wp:attachment":[{"href":"https:\/\/chemindeferdebonrepos.com\/index.php\/wp-json\/wp\/v2\/media?parent=203"}],"curies":[{"name":"wp","href":"https:\/\/api.w.org\/{rel}","templated":true}]}}