{"id":183,"date":"2021-01-24T23:02:19","date_gmt":"2021-01-24T22:02:19","guid":{"rendered":"http:\/\/chemindeferdebonrepos.com\/?page_id=183"},"modified":"2024-04-11T12:24:22","modified_gmt":"2024-04-11T10:24:22","slug":"materiels-roulants","status":"publish","type":"page","link":"https:\/\/chemindeferdebonrepos.com\/index.php\/materiels-roulants\/","title":{"rendered":"LE PARCOURS"},"content":{"rendered":"\n<p><strong><em><span class=\"has-inline-color has-vivid-red-color\">UN TRAIN DISPARU<\/span><\/em><\/strong><\/p>\n\n\n\n<p>Le Chemin de fer de Bon Repos vous propose une promenade familiale inoubliable \u00e0 bord d&rsquo;un petit train touristique sur rails ainsi que de d\u00e9couvrir un ensemble reconstitu\u00e9 d&rsquo;une gare typique des chemins de fer secondaires fran\u00e7ais du XX si\u00e8cle.<br>Le train circule sur un tron\u00e7on reconstruit du mythique R\u00e9seau Breton, entre Gouarec et Bon Repos, r\u00e9seau disparu en 1967.<br>Cet ensemble de 450 km de voies a irrigu\u00e9 la Bretagne durant 76 ans et en a permis son d\u00e9veloppement \u00e9conomique. Il revit aujourd&rsquo;hui sous une forme touristique.<\/p>\n\n\n\n<p><strong><em><span class=\"has-inline-color has-vivid-red-color\">UN VOYAGE DANS LE TEMPS ET DANS L&rsquo;ESPACE<\/span><\/em><\/strong><\/p>\n\n\n\n<div class=\"wp-block-image\"><figure class=\"aligncenter size-large is-resized\"><img loading=\"lazy\" src=\"https:\/\/chemindeferdebonrepos.com\/wp-content\/uploads\/2023\/01\/bienvenu-a-la-gare-768x1024.jpg\" alt=\"\" class=\"wp-image-443\" width=\"382\" height=\"509\" srcset=\"https:\/\/chemindeferdebonrepos.com\/wp-content\/uploads\/2023\/01\/bienvenu-a-la-gare-768x1024.jpg 768w, https:\/\/chemindeferdebonrepos.com\/wp-content\/uploads\/2023\/01\/bienvenu-a-la-gare-225x300.jpg 225w, https:\/\/chemindeferdebonrepos.com\/wp-content\/uploads\/2023\/01\/bienvenu-a-la-gare-1152x1536.jpg 1152w, https:\/\/chemindeferdebonrepos.com\/wp-content\/uploads\/2023\/01\/bienvenu-a-la-gare-1536x2048.jpg 1536w, https:\/\/chemindeferdebonrepos.com\/wp-content\/uploads\/2023\/01\/bienvenu-a-la-gare.jpg 1773w\" sizes=\"(max-width: 382px) 100vw, 382px\" \/><\/figure><\/div>\n\n\n\n<p>C&rsquo;est \u00e0 la gare de Gouarec que commencera votre voyage.<\/p>\n\n\n\n<p>En franchissant le hall \u00ab\u00a0voyageurs\u00a0\u00bb, vous arriverez sur un quai o\u00f9 vous attendra un T.G.V mais ici, ce sera un Train \u00e0 Grandes Vibrations!<\/p>\n\n\n\n<p>Il vient lui m\u00eame du pass\u00e9 pas si lointain o\u00f9 on prenait encore le temps de vivre er de voyager, vous parcourez 4,3 km ne d\u00e9passant pas la vitesse de 20km\/heure.<\/p>\n\n\n\n<div class=\"wp-block-image\"><figure class=\"aligncenter size-large is-resized\"><img loading=\"lazy\" src=\"https:\/\/chemindeferdebonrepos.com\/wp-content\/uploads\/2023\/01\/le-sifflet-du-depart-1024x768.jpg\" alt=\"\" class=\"wp-image-481\" width=\"552\" height=\"395\"\/><figcaption>Attention au d\u00e9part!<\/figcaption><\/figure><\/div>\n\n\n\n<p>Il vous emm\u00e8nera  jusqu&rsquo;\u00e0 l&rsquo;Abbaye de Bon Repos, son terminus. C&rsquo;est une autre fa\u00e7on de d\u00e9couvrir le Canal de Nantes \u00e0 Brest, voisin omnipr\u00e9sent. <\/p>\n\n\n\n<p>En chemin, vous apprendrez plein de choses sur les l\u00e9gendes bretonnes et vous verrez (peut-\u00eatre!) les Korrigans.<\/p>\n\n\n\n<div class=\"wp-block-image\"><figure class=\"aligncenter size-large is-resized\"><img loading=\"lazy\" src=\"https:\/\/chemindeferdebonrepos.com\/wp-content\/uploads\/2023\/01\/gare-aux-Korrigans-1024x768.jpg\" alt=\"\" class=\"wp-image-450\" width=\"539\" height=\"404\" srcset=\"https:\/\/chemindeferdebonrepos.com\/wp-content\/uploads\/2023\/01\/gare-aux-Korrigans-1024x768.jpg 1024w, https:\/\/chemindeferdebonrepos.com\/wp-content\/uploads\/2023\/01\/gare-aux-Korrigans-300x225.jpg 300w, https:\/\/chemindeferdebonrepos.com\/wp-content\/uploads\/2023\/01\/gare-aux-Korrigans-768x576.jpg 768w, https:\/\/chemindeferdebonrepos.com\/wp-content\/uploads\/2023\/01\/gare-aux-Korrigans-1536x1152.jpg 1536w, https:\/\/chemindeferdebonrepos.com\/wp-content\/uploads\/2023\/01\/gare-aux-Korrigans-2048x1536.jpg 2048w\" sizes=\"(max-width: 539px) 100vw, 539px\" \/><\/figure><\/div>\n\n\n\n<p>Le voyage aller\/retour dure 1h20 et inclut la remise en t\u00eate la locomotive au terminus de l&rsquo;Abbaye de Bon Repos.<\/p>\n\n\n\n<div class=\"wp-block-image\"><figure class=\"aligncenter size-large is-resized\"><img loading=\"lazy\" src=\"https:\/\/chemindeferdebonrepos.com\/wp-content\/uploads\/2023\/01\/maneuvre-768x1024.jpg\" alt=\"\" class=\"wp-image-451\" width=\"476\" height=\"634\" srcset=\"https:\/\/chemindeferdebonrepos.com\/wp-content\/uploads\/2023\/01\/maneuvre-768x1024.jpg 768w, https:\/\/chemindeferdebonrepos.com\/wp-content\/uploads\/2023\/01\/maneuvre-225x300.jpg 225w, https:\/\/chemindeferdebonrepos.com\/wp-content\/uploads\/2023\/01\/maneuvre-1152x1536.jpg 1152w, https:\/\/chemindeferdebonrepos.com\/wp-content\/uploads\/2023\/01\/maneuvre-1536x2048.jpg 1536w, https:\/\/chemindeferdebonrepos.com\/wp-content\/uploads\/2023\/01\/maneuvre.jpg 1773w\" sizes=\"(max-width: 476px) 100vw, 476px\" \/><\/figure><\/div>\n","protected":false},"excerpt":{"rendered":"<p>UN TRAIN DISPARU Le Chemin de fer de Bon Repos vous propose une promenade familiale inoubliable \u00e0 bord d&rsquo;un petit train touristique sur rails ainsi que de d\u00e9couvrir un ensemble reconstitu\u00e9 d&rsquo;une gare typique des chemins de fer secondaires fran\u00e7ais du XX si\u00e8cle.Le train circule sur un tron\u00e7on reconstruit du mythique R\u00e9seau Breton, entre Gouarec &hellip; <\/p>\n<p class=\"link-more\"><a href=\"https:\/\/chemindeferdebonrepos.com\/index.php\/materiels-roulants\/\" class=\"more-link\">Continuer la lecture<span class=\"screen-reader-text\"> de &laquo;&nbsp;LE PARCOURS&nbsp;&raquo;<\/span><\/a><\/p>\n","protected":false},"author":3,"featured_media":0,"parent":0,"menu_order":0,"comment_status":"closed","ping_status":"closed","template":"","meta":[],"_links":{"self":[{"href":"https:\/\/chemindeferdebonrepos.com\/index.php\/wp-json\/wp\/v2\/pages\/183"}],"collection":[{"href":"https:\/\/chemindeferdebonrepos.com\/index.php\/wp-json\/wp\/v2\/pages"}],"about":[{"href":"https:\/\/chemindeferdebonrepos.com\/index.php\/wp-json\/wp\/v2\/types\/page"}],"author":[{"embeddable":true,"href":"https:\/\/chemindeferdebonrepos.com\/index.php\/wp-json\/wp\/v2\/users\/3"}],"replies":[{"embeddable":true,"href":"https:\/\/chemindeferdebonrepos.com\/index.php\/wp-json\/wp\/v2\/comments?post=183"}],"version-history":[{"count":16,"href":"https:\/\/chemindeferdebonrepos.com\/index.php\/wp-json\/wp\/v2\/pages\/183\/revisions"}],"predecessor-version":[{"id":602,"href":"https:\/\/chemindeferdebonrepos.com\/index.php\/wp-json\/wp\/v2\/pages\/183\/revisions\/602"}],"wp:attachment":[{"href":"https:\/\/chemindeferdebonrepos.com\/index.php\/wp-json\/wp\/v2\/media?parent=183"}],"curies":[{"name":"wp","href":"https:\/\/api.w.org\/{rel}","templated":true}]}}