{"id":181,"date":"2021-01-24T22:52:12","date_gmt":"2021-01-24T21:52:12","guid":{"rendered":"http:\/\/chemindeferdebonrepos.com\/?page_id=181"},"modified":"2026-03-26T18:57:02","modified_gmt":"2026-03-26T17:57:02","slug":"horaires-tarifs","status":"publish","type":"page","link":"https:\/\/chemindeferdebonrepos.com\/index.php\/horaires-tarifs\/","title":{"rendered":"CIRCULATIONS 2026"},"content":{"rendered":"\n<p>La toute premi\u00e8re circulation d&rsquo;ouverture aura lieu le <span class=\"has-inline-color has-vivid-red-color\"><strong>dimanche 12 avril 2026<\/strong><\/span> pour la traditionnelle Journ\u00e9e des Loisirs en Bretagne.<\/p>\n\n\n\n<p>Tarif sp\u00e9cial: une place (9\u20ac) achet\u00e9e = une place offerte<\/p>\n\n\n\n<p><strong>NB!<\/strong><\/p>\n\n\n\n<p><strong>Durant votre r\u00e9servation diviser par deux le nombre de participants et s\u00e9lectionner le nombre de place obtenu: pour deux personnes ne r\u00e9gler qu\u2019une seule place (9 \u20ac), pour quatre personnes ne payer que deux places (18\u20ac) etc.<\/strong><\/p>\n\n\n\n<p>R\u00e9servation obligatoire en ligne: <\/p>\n\n\n\n<div class=\"wp-block-buttons\">\n<div class=\"wp-block-button\"><a class=\"wp-block-button__link\" href=\"https:\/\/reservation.elloha.com?IdPublication=da11d53c-7a2c-4491-921c-25ad2a6721f8&amp;culture=fr-FR&amp;idoi=04e71bf8-d4f8-4374-918a-0dd346649158&amp;idPrestation=b983c64b-db6f-4121-a10c-10125f942b10&amp;searchFirstAvailableDates=1\" target=\"_blank\" rel=\"noreferrer noopener\">R\u00e9server maintenant<\/a><\/div>\n<\/div>\n\n\n\n<div class=\"wp-block-image\"><figure class=\"aligncenter size-large is-resized\"><img loading=\"lazy\" src=\"https:\/\/chemindeferdebonrepos.com\/wp-content\/uploads\/2024\/11\/pont-ancien-et-son-reflet-768x1024.jpg\" alt=\"\" class=\"wp-image-630\" width=\"272\" height=\"362\" srcset=\"https:\/\/chemindeferdebonrepos.com\/wp-content\/uploads\/2024\/11\/pont-ancien-et-son-reflet-768x1024.jpg 768w, https:\/\/chemindeferdebonrepos.com\/wp-content\/uploads\/2024\/11\/pont-ancien-et-son-reflet-225x300.jpg 225w, https:\/\/chemindeferdebonrepos.com\/wp-content\/uploads\/2024\/11\/pont-ancien-et-son-reflet-1152x1536.jpg 1152w, https:\/\/chemindeferdebonrepos.com\/wp-content\/uploads\/2024\/11\/pont-ancien-et-son-reflet-1536x2048.jpg 1536w, https:\/\/chemindeferdebonrepos.com\/wp-content\/uploads\/2024\/11\/pont-ancien-et-son-reflet-scaled.jpg 1920w\" sizes=\"(max-width: 272px) 100vw, 272px\" \/><\/figure><\/div>\n\n\n\n<p class=\"has-text-align-center has-black-color has-white-background-color has-text-color has-background has-medium-font-size\">Calendrier des circulations <\/p>\n\n\n\n<p class=\"has-text-align-center\"><strong><span class=\"has-inline-color has-vivid-cyan-blue-color\">Circulations r\u00e9guli\u00e8res du  Train du march\u00e9:<\/span><\/strong><\/p>\n\n\n\n<p class=\"has-text-align-center\">les dimanches, d\u00e9part  \u00e0 10h, retour \u00e0 12h30<\/p>\n\n\n\n<p class=\"has-text-align-center\"><strong><span class=\"has-inline-color has-vivid-red-color\">MAI<\/span><\/strong><\/p>\n\n\n\n<p class=\"has-text-align-center\">3, 10, 17<\/p>\n\n\n\n<p class=\"has-text-align-center\"><span class=\"has-inline-color has-vivid-red-color\"><strong>JUILLET<\/strong><\/span><\/p>\n\n\n\n<div class=\"wp-block-columns\">\n<div class=\"wp-block-column\" style=\"flex-basis:100%\">\n<p class=\"has-text-align-center\">12, 19, 26<\/p>\n<\/div>\n<\/div>\n\n\n\n<p class=\"has-text-align-center\"><span class=\"has-inline-color has-vivid-red-color\"><strong>AOUT<\/strong><\/span><\/p>\n\n\n\n<p class=\"has-text-align-center\">2, 9, 16, 23<\/p>\n\n\n\n<p class=\"has-text-align-center\"><span class=\"has-inline-color has-vivid-cyan-blue-color\"><strong>Circulations exceptionnelle<\/strong>s:<\/span><\/p>\n\n\n\n<p><strong>Dimanche  12  avril,<\/strong><span class=\"has-inline-color has-vivid-purple-color\"> Journ\u00e9e des loisirs en Bretagne <\/span>, animation de 15h \u00e0 17h<\/p>\n\n\n\n<p>Tarif sp\u00e9cial: une place (9\u20ac) achet\u00e9e = une place offerte<\/p>\n\n\n\n<p><strong>NB!<\/strong><\/p>\n\n\n\n<p><strong>Durant votre r\u00e9servation diviser par deux le nombre de participants et s\u00e9lectionner le nombre de place obtenu: pour deux personnes ne r\u00e9gler qu\u2019une seule place (9 \u20ac), pour quatre personnes ne payer que deux places (18\u20ac) etc.<\/strong><\/p>\n\n\n\n<p><strong>Dimanche 20 septembre<\/strong>, <span class=\"has-inline-color has-vivid-purple-color\">Journ\u00e9e Europ\u00e9enne du Patrimoine<\/span>: <span class=\"has-inline-color has-vivid-purple-color\">Train historique:<\/span> 15h<\/p>\n\n\n\n<p class=\"has-text-align-center\"><strong><span class=\"has-inline-color has-vivid-red-color\">R\u00e9servation obligatoire en ligne<\/span><\/strong>: <\/p>\n\n\n\n<p><\/p>\n\n\n\n<figure class=\"wp-block-image size-large\"><img loading=\"lazy\" width=\"1024\" height=\"768\" src=\"https:\/\/chemindeferdebonrepos.com\/wp-content\/uploads\/2023\/08\/grand-plan-canal-1024x768.jpg\" alt=\"\" class=\"wp-image-511\" srcset=\"https:\/\/chemindeferdebonrepos.com\/wp-content\/uploads\/2023\/08\/grand-plan-canal-1024x768.jpg 1024w, https:\/\/chemindeferdebonrepos.com\/wp-content\/uploads\/2023\/08\/grand-plan-canal-300x225.jpg 300w, https:\/\/chemindeferdebonrepos.com\/wp-content\/uploads\/2023\/08\/grand-plan-canal-768x576.jpg 768w, https:\/\/chemindeferdebonrepos.com\/wp-content\/uploads\/2023\/08\/grand-plan-canal-1536x1152.jpg 1536w, https:\/\/chemindeferdebonrepos.com\/wp-content\/uploads\/2023\/08\/grand-plan-canal-2048x1536.jpg 2048w\" sizes=\"(max-width: 767px) 89vw, (max-width: 1000px) 54vw, (max-width: 1071px) 543px, 580px\" \/><\/figure>\n\n\n\n<p>\u00ab Le Train du March\u00e9 \u00bb : D\u00e9part de Gouarec \u00e0 10h et retour \u00e0 Gouarec pour 12h30, vous avez une heure et demi sur place, sur le site de l&rsquo;Abbaye de Bon Repos. <\/p>\n\n\n\n<p>Le Train du march\u00e9 vous am\u00e8ne de bonne heure de bonne humeur au march\u00e9 dominical de l\u2019Abbaye de Bon Repos, son terminus. Il vous permet:<\/p>\n\n\n\n<ul><li>garer votre v\u00e9hicule sur le parking de la gare de Gouarec<\/li><li>prendre place \u00e0 bord du train<\/li><li>fl\u00e2ner au march\u00e9, prendre un caf\u00e9, faire des emplettes, discuter, \u00e9changer, \u00e9couter le clapotis de l\u2019\u00e9cluse durant une heure et demi<\/li><li>revenir panier plein de victuailles et le coeur rempli de bonheur \u00e0 la gare de Gouarec, pour 12h30<\/li><\/ul>\n","protected":false},"excerpt":{"rendered":"<p>La toute premi\u00e8re circulation d&rsquo;ouverture aura lieu le dimanche 12 avril 2026 pour la traditionnelle Journ\u00e9e des Loisirs en Bretagne. Tarif sp\u00e9cial: une place (9\u20ac) achet\u00e9e = une place offerte NB! Durant votre r\u00e9servation diviser par deux le nombre de participants et s\u00e9lectionner le nombre de place obtenu: pour deux personnes ne r\u00e9gler qu\u2019une seule &hellip; <\/p>\n<p class=\"link-more\"><a href=\"https:\/\/chemindeferdebonrepos.com\/index.php\/horaires-tarifs\/\" class=\"more-link\">Continuer la lecture<span class=\"screen-reader-text\"> de &laquo;&nbsp;CIRCULATIONS 2026&nbsp;&raquo;<\/span><\/a><\/p>\n","protected":false},"author":3,"featured_media":0,"parent":0,"menu_order":0,"comment_status":"closed","ping_status":"closed","template":"","meta":[],"_links":{"self":[{"href":"https:\/\/chemindeferdebonrepos.com\/index.php\/wp-json\/wp\/v2\/pages\/181"}],"collection":[{"href":"https:\/\/chemindeferdebonrepos.com\/index.php\/wp-json\/wp\/v2\/pages"}],"about":[{"href":"https:\/\/chemindeferdebonrepos.com\/index.php\/wp-json\/wp\/v2\/types\/page"}],"author":[{"embeddable":true,"href":"https:\/\/chemindeferdebonrepos.com\/index.php\/wp-json\/wp\/v2\/users\/3"}],"replies":[{"embeddable":true,"href":"https:\/\/chemindeferdebonrepos.com\/index.php\/wp-json\/wp\/v2\/comments?post=181"}],"version-history":[{"count":101,"href":"https:\/\/chemindeferdebonrepos.com\/index.php\/wp-json\/wp\/v2\/pages\/181\/revisions"}],"predecessor-version":[{"id":697,"href":"https:\/\/chemindeferdebonrepos.com\/index.php\/wp-json\/wp\/v2\/pages\/181\/revisions\/697"}],"wp:attachment":[{"href":"https:\/\/chemindeferdebonrepos.com\/index.php\/wp-json\/wp\/v2\/media?parent=181"}],"curies":[{"name":"wp","href":"https:\/\/api.w.org\/{rel}","templated":true}]}}